{"id":340,"date":"2017-10-13T16:46:34","date_gmt":"2017-10-13T14:46:34","guid":{"rendered":"http:\/\/wpoffice\/band\/?page_id=340"},"modified":"2021-08-22T12:43:41","modified_gmt":"2021-08-22T10:43:41","slug":"portraet","status":"publish","type":"page","link":"https:\/\/www.arisingrealm.at\/GFreitag\/portraet\/","title":{"rendered":"Portr\u00e4t"},"content":{"rendered":"\n<style type=\"text\/css\" data-created_by=\"avia_inline_auto\" id=\"style-css-av-76lkjw-3e7e9d2c170d6b436a5e723865a550a7\">\n.avia-section.av-76lkjw-3e7e9d2c170d6b436a5e723865a550a7{\nbackground-repeat:no-repeat;\nbackground-image:url(https:\/\/www.arisingrealm.at\/GFreitag\/wp-content\/uploads\/2021\/07\/Backgroundgetrauemnte-300x200.jpg);\nbackground-position:0% 50%;\nbackground-attachment:scroll;\n}\n.avia-section.av-76lkjw-3e7e9d2c170d6b436a5e723865a550a7 .av-section-color-overlay{\nopacity:0.5;\nbackground-color:#000000;\n}\n<\/style>\n<div id='av_section_1'  class='avia-section av-76lkjw-3e7e9d2c170d6b436a5e723865a550a7 main_color avia-section-huge avia-no-border-styling  avia-builder-el-0  el_before_av_section  avia-builder-el-first  av-small-hide av-mini-hide avia-full-stretch avia-bg-style-scroll av-section-color-overlay-active container_wrap fullsize'  data-section-bg-repeat='stretch'><div class=\"av-section-color-overlay-wrap\"><div class=\"av-section-color-overlay\"><\/div><div class='container av-section-cont-open' ><main  role=\"main\" itemprop=\"mainContentOfPage\"  class='template-page content  av-content-full alpha units'><div class='post-entry post-entry-type-page post-entry-340'><div class='entry-content-wrapper clearfix'>\n\n<style type=\"text\/css\" data-created_by=\"avia_inline_auto\" id=\"style-css-av-70zcgk-a94bb9b6649ff42af7df856417d46c63\">\n#top .av-special-heading.av-70zcgk-a94bb9b6649ff42af7df856417d46c63{\npadding-bottom:0;\ncolor:#ffffff;\nfont-size:90px;\n}\nbody .av-special-heading.av-70zcgk-a94bb9b6649ff42af7df856417d46c63 .av-special-heading-tag .heading-char{\nfont-size:25px;\n}\n#top #wrap_all .av-special-heading.av-70zcgk-a94bb9b6649ff42af7df856417d46c63 .av-special-heading-tag{\nfont-size:90px;\n}\n.av-special-heading.av-70zcgk-a94bb9b6649ff42af7df856417d46c63 .special-heading-inner-border{\nborder-color:#ffffff;\n}\n.av-special-heading.av-70zcgk-a94bb9b6649ff42af7df856417d46c63 .av-subheading{\nfont-size:15px;\n}\n\n@media only screen and (min-width: 480px) and (max-width: 767px){ \n#top #wrap_all .av-special-heading.av-70zcgk-a94bb9b6649ff42af7df856417d46c63 .av-special-heading-tag{\nfont-size:0.8em;\n}\n}\n\n@media only screen and (max-width: 479px){ \n#top #wrap_all .av-special-heading.av-70zcgk-a94bb9b6649ff42af7df856417d46c63 .av-special-heading-tag{\nfont-size:0.8em;\n}\n}\n<\/style>\n<div  class='av-special-heading av-70zcgk-a94bb9b6649ff42af7df856417d46c63 av-special-heading-h3 custom-color-heading blockquote modern-quote modern-centered  avia-builder-el-1  avia-builder-el-no-sibling  av-inherit-size'><h3 class='av-special-heading-tag '  itemprop=\"headline\"  >Portr\u00e4t<\/h3><div class=\"special-heading-border\"><div class=\"special-heading-inner-border\"><\/div><\/div><\/div>\n\n<\/div><\/div><\/main><!-- close content main element --><\/div><\/div><\/div>\n<style type=\"text\/css\" data-created_by=\"avia_inline_auto\" id=\"style-css-av-6x1ox8-f101c65e93700ff7e4552f11a6b9898f\">\n.avia-section.av-6x1ox8-f101c65e93700ff7e4552f11a6b9898f{\nbackground-color:#b7cde8;\nbackground-image:unset;\n}\n.avia-section.av-6x1ox8-f101c65e93700ff7e4552f11a6b9898f .av-section-color-overlay{\nopacity:0.5;\nbackground-image:url(https:\/\/www.arisingrealm.at\/GFreitag\/wp-content\/themes\/enfold\/images\/background-images\/grunge-big-light.png);\nbackground-repeat:repeat;\n}\n.avia-section.av-6x1ox8-f101c65e93700ff7e4552f11a6b9898f .av-extra-border-element .av-extra-border-inner{\nbackground-color:#b7cde8;\n}\n<\/style>\n<div id='av_section_2'  class='avia-section av-6x1ox8-f101c65e93700ff7e4552f11a6b9898f main_color avia-section-huge avia-no-border-styling  avia-builder-el-2  el_after_av_section  el_before_av_section  avia-bg-style-fixed av-section-color-overlay-active av-arrow-down-section container_wrap fullsize'  ><div class=\"av-section-color-overlay-wrap\"><div class=\"av-section-color-overlay\"><\/div><div class='container av-section-cont-open' ><div class='template-page content  av-content-full alpha units'><div class='post-entry post-entry-type-page post-entry-340'><div class='entry-content-wrapper clearfix'>\n\n<style type=\"text\/css\" data-created_by=\"avia_inline_auto\" id=\"style-css-av-krd4870p-b0925a9dde4c9f5dcf43798fc233f604\">\n.avia-image-container.av-krd4870p-b0925a9dde4c9f5dcf43798fc233f604 img.avia_image{\nbox-shadow:none;\n}\n.avia-image-container.av-krd4870p-b0925a9dde4c9f5dcf43798fc233f604 .av-image-caption-overlay-center{\ncolor:#ffffff;\n}\n<\/style>\n<div  class='avia-image-container av-krd4870p-b0925a9dde4c9f5dcf43798fc233f604 av-styling- avia_animated_image av-animated-when-visible-95 fade-in avia-align-center  avia-builder-el-3  avia-builder-el-no-sibling  av-has-copyright av-copyright-always'   itemprop=\"image\" itemscope=\"itemscope\" itemtype=\"https:\/\/schema.org\/ImageObject\" ><div class=\"avia-image-container-inner\"><div class=\"avia-image-overlay-wrap\"><img decoding=\"async\" fetchpriority=\"high\" class='wp-image-579 avia-img-lazy-loading-not-579 avia_image ' src=\"https:\/\/www.arisingrealm.at\/GFreitag\/wp-content\/uploads\/2021\/07\/Guenther_Freitag_2018-2-scaled.jpg\" alt='' title='G\u00fcnther Freitag'  height=\"1707\" width=\"2560\"  itemprop=\"thumbnailUrl\" srcset=\"https:\/\/www.arisingrealm.at\/GFreitag\/wp-content\/uploads\/2021\/07\/Guenther_Freitag_2018-2-scaled.jpg 2560w, https:\/\/www.arisingrealm.at\/GFreitag\/wp-content\/uploads\/2021\/07\/Guenther_Freitag_2018-2-600x400.jpg 600w, https:\/\/www.arisingrealm.at\/GFreitag\/wp-content\/uploads\/2021\/07\/Guenther_Freitag_2018-2-300x200.jpg 300w, https:\/\/www.arisingrealm.at\/GFreitag\/wp-content\/uploads\/2021\/07\/Guenther_Freitag_2018-2-1030x687.jpg 1030w, https:\/\/www.arisingrealm.at\/GFreitag\/wp-content\/uploads\/2021\/07\/Guenther_Freitag_2018-2-768x512.jpg 768w, https:\/\/www.arisingrealm.at\/GFreitag\/wp-content\/uploads\/2021\/07\/Guenther_Freitag_2018-2-1536x1024.jpg 1536w, https:\/\/www.arisingrealm.at\/GFreitag\/wp-content\/uploads\/2021\/07\/Guenther_Freitag_2018-2-2048x1365.jpg 2048w, https:\/\/www.arisingrealm.at\/GFreitag\/wp-content\/uploads\/2021\/07\/Guenther_Freitag_2018-2-1500x1000.jpg 1500w, https:\/\/www.arisingrealm.at\/GFreitag\/wp-content\/uploads\/2021\/07\/Guenther_Freitag_2018-2-705x470.jpg 705w\" sizes=\"(max-width: 2560px) 100vw, 2560px\" \/><\/div><small class=\"avia-copyright\">Michael Freitag<\/small><\/div><\/div>\n\n<\/div><\/div><\/div><!-- close content main div --><\/div><div class='av-extra-border-element border-extra-arrow-down'><div class='av-extra-border-outer'><div class='av-extra-border-inner'><\/div><\/div><\/div><\/div><\/div>\n<style type=\"text\/css\" data-created_by=\"avia_inline_auto\" id=\"style-css-av-krqioryv-0de95253479bbd70a25ea5c84946b8dc\">\n.avia-section.av-krqioryv-0de95253479bbd70a25ea5c84946b8dc{\nbackground-color:#ffffff;\nbackground-image:unset;\n}\n.avia-section.av-krqioryv-0de95253479bbd70a25ea5c84946b8dc .av-section-color-overlay{\nopacity:0.1;\nbackground-color:#000000;\nbackground-image:url(https:\/\/www.arisingrealm.at\/GFreitag\/wp-content\/themes\/enfold\/images\/background-images\/grunge-big-light.png);\nbackground-repeat:repeat;\n}\n<\/style>\n<div id='av_section_3'  class='avia-section av-krqioryv-0de95253479bbd70a25ea5c84946b8dc main_color avia-section-default avia-no-border-styling  avia-builder-el-4  el_after_av_section  avia-builder-el-last  avia-bg-style-scroll av-section-color-overlay-active container_wrap fullsize'  ><div class=\"av-section-color-overlay-wrap\"><div class=\"av-section-color-overlay\"><\/div><div class='container av-section-cont-open' ><div class='template-page content  av-content-full alpha units'><div class='post-entry post-entry-type-page post-entry-340'><div class='entry-content-wrapper clearfix'>\n\n<style type=\"text\/css\" data-created_by=\"avia_inline_auto\" id=\"style-css-av-6nv0lo-f774056f8de33305856de5a71ac49521\">\n.flex_column.av-6nv0lo-f774056f8de33305856de5a71ac49521{\nborder-radius:0px 0px 0px 0px;\npadding:0px 0px 0px 0px;\n}\n<\/style>\n<div  class='flex_column av-6nv0lo-f774056f8de33305856de5a71ac49521 av_one_half  avia-builder-el-5  el_before_av_one_half  avia-builder-el-first  first flex_column_div av-zero-column-padding  '     ><section  class='av_textblock_section av-krd4a6o6-e9327ba6d1d24b7dc1930532f5806c2f '   itemscope=\"itemscope\" itemtype=\"https:\/\/schema.org\/CreativeWork\" ><div class='avia_textblock'  itemprop=\"text\" ><p>An einem Sonntag beschlie\u00dft G\u00fcnther Freitag, sein treues Klavier in den Keller zu stellen. Er m\u00fcsse ein anderer Autor werden, sagt er sich, ein anderer Mensch wom\u00f6glich, endlich den Lehrk\u00f6rper verlassen, dann Weib und Zwillinge, ein ganz ein wilder Dichter sein, kein Hausmusiker!<\/p>\n<p>Und f\u00fcrs erste begibt er sich zu seiner b\u00fcrgerlichsoliden Hausbar und schenkt sich, um seinen Entschluss, dem es an Tragweite nicht mangelt, geb\u00fchrend zu begie\u00dfen, einen mehrst\u00f6ckigen Metaxa ein. Nein, gleich aus der Flasche in den Hals! Das ist anarchischer&#8230;<br \/>\nWahnsinn sei f\u00fcrs Alltagsleben von Nachteil, f\u00fcr die Kunst jedoch ein unsch\u00e4tzbarer Vorteil. Von nun an werde er nicht nur seine Figuren einen fortschreitenden Realit\u00e4tsverlust erleiden lassen, sondern selbst verr\u00fcckt werden, und zwar sofort, auf der Stelle! Aber vorher noch seinen Fl\u00fcgel, ein Erbst\u00fcck, in den Keller seines Hauses verbannen. Das Klavier habe ihn dazu gezwungen, auch an der Schreibmaschine Melodieb\u00f6gen zu komponieren, eigentlich habe er bislang gar nicht geschrieben, sondern gesungen, seine Texte seien Variationen zu Themen von Schubert, Schumann und Chopin, Liederb\u00fccher seien seine Romane, man k\u00f6nne sie vom Blatt spielen, Kopfmusik, die nicht jeder zu h\u00f6ren imstande sei, S\u00e4tze f\u00fcr Klangaugen, die nicht jeder riechen k\u00f6nne.<\/p>\n<p>Schlussakkord! Keine Syn\u00e4sthesien mehr! Um ein so bedeutender Schriftsteller wie sein Freund Walter Grond zu werden, m\u00fcsse er erst einmal das Stammeln erlernen, das Singen vergessen, alle Triller und sein ganzes K\u00f6nnen unterdr\u00fccken, am besten zum St\u00fcmper werden. \u00c4chzend schiebt G\u00fcnther Freitag den unhandlichen Fl\u00fcgel zur Wohnzimmert\u00fcr hinaus. Leider st\u00f6\u00dft das Instrument mit Freitags Ehefrau zusammen.<\/p>\n<p>Was er denn mit dem t\u00f6nenden M\u00f6belst\u00fcck vorhabe, will die Gef\u00e4hrtin seiner schlaflosen N\u00e4chte wissen, ob er vielleicht einen Spaziergang damit machen wolle. Der Dichter murmelt Entschuldigungsformeln. Da wittert seine Frau seine Fahne. Er habe schon vormittags die Ausd\u00fcnstung eines Schwarzbrenners, herrscht sie ihn an, er werde noch so enden wie manch einer seiner Vorg\u00e4nger.<\/p>\n<p>Schlimm genug, dass sich ehemalige Fu\u00dfballer in Freitags B\u00fcchern f\u00e4lschlicherweise wiedererkennen und deshalb gleich Ehrenbeleidigungsprozesse gegen ihn anstrengen, auch der engste Familienkreis bringt seinen Befreiungsversuchen kein Verst\u00e4ndnis entgegen. Seine Gattin ist der Meinung, freischaffend k\u00f6nne er doch ohnehin zuk\u00fcnftig in seiner Pension sein, die paar Jahrzehnte m\u00fcsse er sich eben noch gedulden.<\/p>\n<\/div><\/section><\/div>\n<style type=\"text\/css\" data-created_by=\"avia_inline_auto\" id=\"style-css-av-9bs84-2b5e914c484bea34c0f165a7defa16a8\">\n.flex_column.av-9bs84-2b5e914c484bea34c0f165a7defa16a8{\nborder-radius:0px 0px 0px 0px;\npadding:0px 0px 0px 0px;\n}\n<\/style>\n<div  class='flex_column av-9bs84-2b5e914c484bea34c0f165a7defa16a8 av_one_half  avia-builder-el-7  el_after_av_one_half  avia-builder-el-last  flex_column_div av-zero-column-padding  '     ><section  class='av_textblock_section av-krd4fk0s-edcd2ad40b6898c0e3e5f887c81690fd '   itemscope=\"itemscope\" itemtype=\"https:\/\/schema.org\/CreativeWork\" ><div class='avia_textblock'  itemprop=\"text\" ><p>Er werde alles hinter sich lassen m\u00fcssen, denkt Freitag, auch sein Selbst, erst wenn er alle Zuschreibungen, die man mit seiner Person verbinde, ausgel\u00f6scht habe wie eine Computerdatei, werde er so etwas wie Eigenart entwickeln k\u00f6nnen, wenn ihn keiner \u2013 auch nicht seine Frau \u2013 mehr identifizieren werde k\u00f6nnen, dann werde er unverwechselbar sein. Jeder Vergleich w\u00e4re dann unzul\u00e4ssig, auch mit Gert Jonke oder Gert Hofmann oder einem anderen Gert, selbst mit G\u00fcnther Freitag w\u00fcrde man ihn nicht mehr vergleichen, denn in seinem ureigenen Interesse h\u00e4tte er Freitag durch einen anderen ersetzt. Es gehe also darum, jenen &#8222;Freitag&#8220; von sich abzuspalten. Freiheit sei ein Freisein von sich selbst. In dieser Woche werde er den Freitag ausfallen lassen.<\/p>\n<p>Das Klavier ist ein untaugliches Fortbewegungsmittel, es r\u00fchrt sich kaum von der Stelle. Vielleicht sollte er es einfach die Treppe hinunterstossen \u2013 als barbarisches Initiationsritual! Aber eine Et\u00fcde wenigstens k\u00f6nnte er doch vorher noch in die Tasten\u2026<\/p>\n<p>Nein! In den Keller zu den Kohlen! Huckepack kann er es schwerlich tragen. Am einfachsten wird es wohl sein, den Fl\u00fcgel zu zerhacken und hernach die Einzelteile zu transportieren&#8230;<\/p>\n<p>Die Axt im Haus erspart den Klavierspediteur! Mit zerst\u00f6rerischen Wunschvorstellungen im Kopf lehnt er sich an sein Instrument, das ihn lange genug gefoltert und in seiner Entwicklung als K\u00fcnstler gehemmt hat. Da st\u00fcrmen seine Zwillingss\u00f6hne herbei. Mit Indianergeheul fallen sie hemmungslos \u00fcber ihren Vater her und fesseln ihn mit einem W\u00e4schestrick ans Klavier, Dann malen sie ihm noch ein paar obsz\u00f6ne Symbole auf Stirn und Wangen. Mit dem Versprechen, ihm nach Sonnenuntergang die Eingeweide aus dem bleichen Leib zu schneiden, stieben sie johlend davon.<\/p>\n<p>Bewegungsunf\u00e4hig tr\u00e4umt Freitag in seinen Fesseln von einer z\u00fcgellosen Dichterexistenz. Leoben wird er auf schnellstem Weg verlassen, vielleicht zieht er nach Trofaiach. Ausschweifungen, poetische und erotische Ausschweifungen, Trofaiacher Exzesse malt er sich aus. Seine Dichtungen wird er in Wirtshaustische ritzen, mit billigem Lippenstift Epigramme auf fette Kellnerinnenschenkel schmieren, zur Sperrstunde Ordnungsh\u00fcter ohrfeigen, vorwiegend in Ausn\u00fcchterungszellen \u00fcbernachten.<\/p>\n<p>Stunden sp\u00e4ter befreit ihn seine Frau. Geknebelt hat man ihn nicht, aber um Hilfe hat er trotzdem nicht gerufen. Verdrossen l\u00f6ffelt er die gute Suppe. Morgen ist Montag. Um acht f\u00e4ngt die Schule wieder an.<\/p>\n<p>(Der Doppelg\u00e4nger des Verwandlungsk\u00fcnstlers. Satirische Dichterportraits. Graz: 1994.)<\/p>\n<\/div><\/section><\/div>\n","protected":false},"excerpt":{"rendered":"","protected":false},"author":1,"featured_media":0,"parent":0,"menu_order":0,"comment_status":"closed","ping_status":"closed","template":"","meta":{"footnotes":""},"class_list":["post-340","page","type-page","status-publish","hentry"],"_links":{"self":[{"href":"https:\/\/www.arisingrealm.at\/GFreitag\/wp-json\/wp\/v2\/pages\/340","targetHints":{"allow":["GET"]}}],"collection":[{"href":"https:\/\/www.arisingrealm.at\/GFreitag\/wp-json\/wp\/v2\/pages"}],"about":[{"href":"https:\/\/www.arisingrealm.at\/GFreitag\/wp-json\/wp\/v2\/types\/page"}],"author":[{"embeddable":true,"href":"https:\/\/www.arisingrealm.at\/GFreitag\/wp-json\/wp\/v2\/users\/1"}],"replies":[{"embeddable":true,"href":"https:\/\/www.arisingrealm.at\/GFreitag\/wp-json\/wp\/v2\/comments?post=340"}],"version-history":[{"count":21,"href":"https:\/\/www.arisingrealm.at\/GFreitag\/wp-json\/wp\/v2\/pages\/340\/revisions"}],"predecessor-version":[{"id":1041,"href":"https:\/\/www.arisingrealm.at\/GFreitag\/wp-json\/wp\/v2\/pages\/340\/revisions\/1041"}],"wp:attachment":[{"href":"https:\/\/www.arisingrealm.at\/GFreitag\/wp-json\/wp\/v2\/media?parent=340"}],"curies":[{"name":"wp","href":"https:\/\/api.w.org\/{rel}","templated":true}]}}